{"id":628,"date":"2023-04-25T13:39:00","date_gmt":"2023-04-25T11:39:00","guid":{"rendered":"https:\/\/sanvixerezcentro.es\/?page_id=628"},"modified":"2026-04-25T13:39:51","modified_gmt":"2026-04-25T11:39:51","slug":"maps","status":"publish","type":"page","link":"https:\/\/sanvixerezcentro.es\/index.php\/maps\/","title":{"rendered":"Maps"},"content":{"rendered":"\n<div class=\"wp-block-group alignfull has-accent-4-background-color has-background is-vertical is-content-justification-center is-nowrap is-layout-flex wp-container-core-group-is-layout-2215816d wp-block-group-is-layout-flex\" style=\"min-height:100vh;margin-top:0;margin-bottom:0;padding-top:var(--wp--preset--spacing--50);padding-right:var(--wp--preset--spacing--50);padding-bottom:var(--wp--preset--spacing--50);padding-left:var(--wp--preset--spacing--50)\">\n<div class=\"wp-block-columns alignwide are-vertically-aligned-center is-layout-flex wp-container-core-columns-is-layout-47c06fe3 wp-block-columns-is-layout-flex\">\n<div class=\"wp-block-column is-vertically-aligned-center is-layout-flow wp-block-column-is-layout-flow\" style=\"flex-basis:40%\">\n<div class=\"wp-block-group is-layout-flow wp-container-core-group-is-layout-8f7ed23f wp-block-group-is-layout-flow\" style=\"min-height:100%;margin-top:0;margin-bottom:0;padding-right:0;padding-left:0\">\n<h1 class=\"wp-block-heading has-text-align-right\" style=\"margin-right:0;margin-left:calc( var(--wp--preset--spacing--20) * -1);font-size:clamp(5.174rem, 5.174rem + ((1vw - 0.2rem) * 11.377), 12rem);line-height:1;writing-mode:vertical-rl\">Reserva<\/h1>\n\n\n\n<div class=\"wp-block-group has-global-padding is-content-justification-left is-layout-constrained wp-container-core-group-is-layout-0207514c wp-block-group-is-layout-constrained\" style=\"padding-right:0;padding-left:0\">\n<p class=\"wp-container-content-0733e5d0\">Experimenta la fusi\u00f3n de imaginaci\u00f3n y experiencia en la Cumbre de arquitectura \u00c9tudes en febrero de 2025.<\/p>\n\n\n\n<div class=\"wp-block-buttons is-layout-flex wp-block-buttons-is-layout-flex\">\n<div class=\"wp-block-button\"><a class=\"wp-block-button__link wp-element-button\">Reserva tu plaza<\/a><\/div>\n<\/div>\n<\/div>\n<\/div>\n<\/div>\n\n\n\n<div class=\"wp-block-column is-vertically-aligned-top is-layout-flow wp-block-column-is-layout-flow\" style=\"flex-basis:60%\">\n<figure class=\"wp-block-image size-large is-style-rounded is-style-rounded--1\"><img decoding=\"async\" src=\"https:\/\/sanvixerezcentro.es\/wp-content\/themes\/twentytwentyfour\/assets\/images\/green-staircase.webp\" alt=\"Escalera verde en la Universidad Western, Londres, Canad\u00e1\" style=\"aspect-ratio:3\/4;object-fit:cover\"\/><\/figure>\n<\/div>\n<\/div>\n<\/div>\n\n\n\n\n<span style=\"color: #ffffff;\"> Antalya Serik Belek, Antalya\u2019n\u0131n incisi olarak bilinir. Buras\u0131 hem yerli hem de yabanc\u0131 turistlerin yo\u011fun ilgi g\u00f6sterdi\u011fi bir b\u00f6lgedir. Bu hareketlilik, escort bayan hizmetlerinin de olduk\u00e7a geli\u015fmesine zemin haz\u0131rlar. Antalya Serik Escort Bayan Web Siteleri, kullan\u0131c\u0131lar\u0131n kolayca arad\u0131klar\u0131 profile ula\u015fmas\u0131n\u0131 sa\u011flayan modern tasar\u0131ml\u0131 aray\u00fczlere sahiptir.<a style=\"color: #ffffff;\" href=\"https:\/\/serikmyo.com\/\">Serik Escort K\u0131zlar<\/a> Foto\u011fraflar, detayl\u0131 a\u00e7\u0131klamalar, ya\u015f, boy, kilo gibi bilgiler ve sunulan hizmet t\u00fcrleri a\u00e7\u0131k\u00e7a payla\u015f\u0131l\u0131r. B\u00f6ylece herkes kendi zevkine ve beklentisine en uygun bayan\u0131 k\u0131sa s\u00fcrede bulabilir.<\/span>\n\n<span style=\"color: #ffffff;\">Antalya Telek\u0131z hizmetleri ise acil durumlarda ya da k\u0131sa s\u00fcreli bulu\u015fmalar i\u00e7in en pratik \u00e7\u00f6z\u00fcmd\u00fcr. Bir telefon aramas\u0131yla randevu al\u0131n\u0131r ve genellikle yar\u0131m saat i\u00e7inde bulu\u015fma ger\u00e7ekle\u015febilir. Bu hizmet, i\u015f seyahatinde olanlar, k\u0131sa tatil yapanlar ya da anl\u0131k ihtiya\u00e7 duyanlar taraf\u0131ndan s\u0131k tercih edilir. Antalya Telek\u0131z ilanlar\u0131, web sitelerinde g\u00fcncel olarak yay\u0131nlan\u0131r ve \u00e7o\u011fu zaman ger\u00e7ek zamanl\u0131 m\u00fcsaitlik bilgisi verilir.<\/span>\n\n<span style=\"color: #ffffff;\">Antalya Manavgat Escort Bayan Web Siteleri\u2019nin en b\u00fcy\u00fck avantajlar\u0131ndan biri g\u00fcvenilirliktir. Kaliteli platformlar, bayan profillerini do\u011frulama s\u00fcre\u00e7lerinden ge\u00e7irir. Kullan\u0131c\u0131 yorumlar\u0131, puanlama sistemleri ve detayl\u0131 geri bildirimler sayesinde yeni gelenler de bilin\u00e7li se\u00e7im yapabilir. Ayr\u0131ca bir\u00e7ok sitede sahte profil uyar\u0131s\u0131 yap\u0131l\u0131r ve kullan\u0131c\u0131lar doland\u0131r\u0131c\u0131l\u0131\u011fa kar\u015f\u0131 uyar\u0131l\u0131r. Bu sayede <a style=\"color: #ffffff;\" href=\"https:\/\/www.manavgatescortfk.com\/\">Manavgat Escort<\/a> deneyimi hem keyifli hem de g\u00fcvenli bir \u015fekilde ya\u015fan\u0131r.<\/span>\n\n\n<span style=\"color: #ffffff;\">Yaz aylar\u0131nda Ku\u015fadas\u0131nda\u2019da talep zirve yapar. Plaj partileri, gece kul\u00fcpleri ve yat turlar\u0131 gibi etkinliklerde e\u015flik\u00e7i arayanlar i\u00e7in \u00f6zel programlar haz\u0131rlan\u0131r. <a style=\"color: #ffffff;\" href=\"https:\/\/kusadasiescortfk.com\/category\/soke\/\">S\u00f6ke Escort<\/a> Web Siteleri bu d\u00f6nemlerde ekstra ilanlar ekler ve m\u00fcsaitlik takvimini g\u00fcncel tutar. K\u0131\u015f aylar\u0131nda ise daha sakin ama bir o kadar \u00f6zel bulu\u015fmalar \u00f6ne \u00e7\u0131kar. Y\u0131l\u0131n her d\u00f6nemi i\u00e7in uygun se\u00e7enekler bulunur.<\/span>\n\n<span style=\"color: #ffffff;\">Antalya, sadece muhte\u015fem plajlar\u0131, tarihi dokusu ve gece hayat\u0131yla de\u011fil, ayn\u0131 zamanda e\u015fsiz g\u00fczellikleriyle de dikkat \u00e7eken bir \u015fehirdir. Burada ya\u015fanan her an, \u00f6zel ve unutulmaz k\u0131l\u0131nmak i\u00e7in titizlikle haz\u0131rlan\u0131r. <a style=\"color: #ffffff;\" href=\"https:\/\/newsexhikaye.com\/category\/fantezi-seks-hikayeleri\/\">Fantazi Seks Hikaye<\/a> Gece boyunca ya\u015fanacak olan bu \u00f6zel anlar, sadece fiziksel bir birliktelikten \u00f6te, duygusal bir ba\u011f kurma f\u0131rsat\u0131 sunar. Antalya\u2019N\u0131n e\u015fsiz g\u00fczellikleri, bu anlar\u0131n daha da \u00f6zel ve unutulmaz olmas\u0131n\u0131 sa\u011flar. Siz de bu e\u015fsiz deneyimi ya\u015fayarak, Antalyan\u0131n b\u00fcy\u00fcs\u00fcne kap\u0131labilirsiniz..<\/span>\n\n\n","protected":false},"excerpt":{"rendered":"<p>Reserva Experimenta la fusi\u00f3n de imaginaci\u00f3n y experiencia en la Cumbre de arquitectura \u00c9tudes en febrero de 2025. Antalya Serik Belek, Antalya\u2019n\u0131n incisi olarak bilinir. Buras\u0131 hem yerli hem de yabanc\u0131 turistlerin yo\u011fun ilgi g\u00f6sterdi\u011fi bir b\u00f6lgedir. Bu hareketlilik, escort bayan hizmetlerinin de olduk\u00e7a geli\u015fmesine zemin haz\u0131rlar. Antalya Serik Escort Bayan Web Siteleri, kullan\u0131c\u0131lar\u0131n kolayca [&hellip;]<\/p>\n","protected":false},"author":1,"featured_media":0,"parent":0,"menu_order":0,"comment_status":"closed","ping_status":"closed","template":"","meta":{"footnotes":""},"class_list":["post-628","page","type-page","status-publish","hentry"],"_links":{"self":[{"href":"https:\/\/sanvixerezcentro.es\/index.php\/wp-json\/wp\/v2\/pages\/628","targetHints":{"allow":["GET"]}}],"collection":[{"href":"https:\/\/sanvixerezcentro.es\/index.php\/wp-json\/wp\/v2\/pages"}],"about":[{"href":"https:\/\/sanvixerezcentro.es\/index.php\/wp-json\/wp\/v2\/types\/page"}],"author":[{"embeddable":true,"href":"https:\/\/sanvixerezcentro.es\/index.php\/wp-json\/wp\/v2\/users\/1"}],"replies":[{"embeddable":true,"href":"https:\/\/sanvixerezcentro.es\/index.php\/wp-json\/wp\/v2\/comments?post=628"}],"version-history":[{"count":1,"href":"https:\/\/sanvixerezcentro.es\/index.php\/wp-json\/wp\/v2\/pages\/628\/revisions"}],"predecessor-version":[{"id":630,"href":"https:\/\/sanvixerezcentro.es\/index.php\/wp-json\/wp\/v2\/pages\/628\/revisions\/630"}],"wp:attachment":[{"href":"https:\/\/sanvixerezcentro.es\/index.php\/wp-json\/wp\/v2\/media?parent=628"}],"curies":[{"name":"wp","href":"https:\/\/api.w.org\/{rel}","templated":true}]}}